{"id":1068,"date":"2023-04-20T13:26:58","date_gmt":"2023-04-20T13:26:58","guid":{"rendered":"https:\/\/pilotkizmian.pl\/?page_id=1068"},"modified":"2026-01-04T17:47:15","modified_gmt":"2026-01-04T17:47:15","slug":"toolbooki_pilotek","status":"publish","type":"page","link":"https:\/\/pilotkizmian.pl\/index.php\/toolbooki_pilotek\/","title":{"rendered":"TOOLBOOKI PILOTEK"},"content":{"rendered":"\n<p>Zobacz przyk\u0142adowe TOOLbooki i nagrania Pilotek Zmian. <\/p>\n\n\n\n<div class=\"wp-block-columns is-layout-flex wp-container-core-columns-is-layout-9d6595d7 wp-block-columns-is-layout-flex\">\n<div class=\"wp-block-column is-layout-flow wp-block-column-is-layout-flow\">\n<figure class=\"wp-block-image size-large\"><img loading=\"lazy\" decoding=\"async\" width=\"1024\" height=\"724\" src=\"https:\/\/pilotkizmian.pl\/wp-content\/uploads\/2026\/01\/Toolbook-Kolo-przyszlosci-1-1024x724.png\" alt=\"\" class=\"wp-image-1489\" srcset=\"https:\/\/pilotkizmian.pl\/wp-content\/uploads\/2026\/01\/Toolbook-Kolo-przyszlosci-1-1024x724.png 1024w, https:\/\/pilotkizmian.pl\/wp-content\/uploads\/2026\/01\/Toolbook-Kolo-przyszlosci-1-300x212.png 300w, https:\/\/pilotkizmian.pl\/wp-content\/uploads\/2026\/01\/Toolbook-Kolo-przyszlosci-1-768x543.png 768w, https:\/\/pilotkizmian.pl\/wp-content\/uploads\/2026\/01\/Toolbook-Kolo-przyszlosci-1-1536x1086.png 1536w, https:\/\/pilotkizmian.pl\/wp-content\/uploads\/2026\/01\/Toolbook-Kolo-przyszlosci-1-350x247.png 350w, https:\/\/pilotkizmian.pl\/wp-content\/uploads\/2026\/01\/Toolbook-Kolo-przyszlosci-1.png 2000w\" sizes=\"auto, (max-width: 767px) 89vw, (max-width: 1000px) 54vw, (max-width: 1071px) 543px, 580px\" \/><\/figure>\n<\/div>\n\n\n\n<div class=\"wp-block-column is-layout-flow wp-block-column-is-layout-flow\">\n<figure class=\"wp-block-embed is-type-video is-provider-youtube wp-block-embed-youtube wp-embed-aspect-16-9 wp-has-aspect-ratio\"><div class=\"wp-block-embed__wrapper\">\n<iframe loading=\"lazy\" title=\"Ko\u0142o przysz\u0142o\u015bci - jak wydoby\u0107 (zaskakuj\u0105ce) konsekwencje r\u00f3\u017cnych zmian?\" width=\"525\" height=\"295\" src=\"https:\/\/www.youtube.com\/embed\/cPbSy0IDtdU?feature=oembed\" frameborder=\"0\" allow=\"accelerometer; autoplay; clipboard-write; encrypted-media; gyroscope; picture-in-picture; web-share\" referrerpolicy=\"strict-origin-when-cross-origin\" allowfullscreen><\/iframe>\n<\/div><\/figure>\n<\/div>\n<\/div>\n\n\n\n<div class=\"wp-block-columns is-layout-flex wp-container-core-columns-is-layout-9d6595d7 wp-block-columns-is-layout-flex\">\n<div class=\"wp-block-column is-layout-flow wp-block-column-is-layout-flow\">\n<figure class=\"wp-block-image size-large\"><img loading=\"lazy\" decoding=\"async\" width=\"1024\" height=\"724\" src=\"https:\/\/pilotkizmian.pl\/wp-content\/uploads\/2026\/01\/Toolbook-Wartosci-wspolpraca-1-1024x724.png\" alt=\"\" class=\"wp-image-1495\" srcset=\"https:\/\/pilotkizmian.pl\/wp-content\/uploads\/2026\/01\/Toolbook-Wartosci-wspolpraca-1-1024x724.png 1024w, https:\/\/pilotkizmian.pl\/wp-content\/uploads\/2026\/01\/Toolbook-Wartosci-wspolpraca-1-300x212.png 300w, https:\/\/pilotkizmian.pl\/wp-content\/uploads\/2026\/01\/Toolbook-Wartosci-wspolpraca-1-768x543.png 768w, https:\/\/pilotkizmian.pl\/wp-content\/uploads\/2026\/01\/Toolbook-Wartosci-wspolpraca-1-1536x1086.png 1536w, https:\/\/pilotkizmian.pl\/wp-content\/uploads\/2026\/01\/Toolbook-Wartosci-wspolpraca-1-350x247.png 350w, https:\/\/pilotkizmian.pl\/wp-content\/uploads\/2026\/01\/Toolbook-Wartosci-wspolpraca-1.png 2000w\" sizes=\"auto, (max-width: 767px) 89vw, (max-width: 1000px) 54vw, (max-width: 1071px) 543px, 580px\" \/><\/figure>\n<\/div>\n\n\n\n<div class=\"wp-block-column is-layout-flow wp-block-column-is-layout-flow\">\n<figure class=\"wp-block-embed is-type-video is-provider-youtube wp-block-embed-youtube wp-embed-aspect-16-9 wp-has-aspect-ratio\"><div class=\"wp-block-embed__wrapper\">\n<iframe loading=\"lazy\" title=\"Jak (nie) wdra\u017ca\u0107 warto\u015bci firmowe?\" width=\"525\" height=\"295\" src=\"https:\/\/www.youtube.com\/embed\/a1ZlxCmCWpo?feature=oembed\" frameborder=\"0\" allow=\"accelerometer; autoplay; clipboard-write; encrypted-media; gyroscope; picture-in-picture; web-share\" referrerpolicy=\"strict-origin-when-cross-origin\" allowfullscreen><\/iframe>\n<\/div><\/figure>\n<\/div>\n<\/div>\n\n\n\n<div class=\"wp-block-columns is-layout-flex wp-container-core-columns-is-layout-9d6595d7 wp-block-columns-is-layout-flex\">\n<div class=\"wp-block-column is-layout-flow wp-block-column-is-layout-flow\">\n<figure class=\"wp-block-image size-large\"><a href=\"https:\/\/pilotkizmian.pl\/wp-content\/uploads\/2024\/03\/Toolbook-BEZPIECZENSTWO-PSYCHOLOGICZNE-2.pdf\"><img loading=\"lazy\" decoding=\"async\" width=\"1024\" height=\"724\" src=\"https:\/\/pilotkizmian.pl\/wp-content\/uploads\/2026\/01\/Toolbook-BEZPIECZENSTWO-PSYCHOLOGICZNE-1-1024x724.png\" alt=\"\" class=\"wp-image-1498\" srcset=\"https:\/\/pilotkizmian.pl\/wp-content\/uploads\/2026\/01\/Toolbook-BEZPIECZENSTWO-PSYCHOLOGICZNE-1-1024x724.png 1024w, https:\/\/pilotkizmian.pl\/wp-content\/uploads\/2026\/01\/Toolbook-BEZPIECZENSTWO-PSYCHOLOGICZNE-1-300x212.png 300w, https:\/\/pilotkizmian.pl\/wp-content\/uploads\/2026\/01\/Toolbook-BEZPIECZENSTWO-PSYCHOLOGICZNE-1-768x543.png 768w, https:\/\/pilotkizmian.pl\/wp-content\/uploads\/2026\/01\/Toolbook-BEZPIECZENSTWO-PSYCHOLOGICZNE-1-1536x1086.png 1536w, https:\/\/pilotkizmian.pl\/wp-content\/uploads\/2026\/01\/Toolbook-BEZPIECZENSTWO-PSYCHOLOGICZNE-1-350x247.png 350w, https:\/\/pilotkizmian.pl\/wp-content\/uploads\/2026\/01\/Toolbook-BEZPIECZENSTWO-PSYCHOLOGICZNE-1.png 2000w\" sizes=\"auto, (max-width: 767px) 89vw, (max-width: 1000px) 54vw, (max-width: 1071px) 543px, 580px\" \/><\/a><\/figure>\n<\/div>\n\n\n\n<div class=\"wp-block-column is-layout-flow wp-block-column-is-layout-flow\">\n<figure class=\"wp-block-embed is-type-video is-provider-youtube wp-block-embed-youtube wp-embed-aspect-16-9 wp-has-aspect-ratio\"><div class=\"wp-block-embed__wrapper\">\n<iframe loading=\"lazy\" title=\"Bezpiecze\u0144stwo psychychologiczne: Pilotki Zmian o te\u015bcie Amy Edmondson\" width=\"525\" height=\"295\" src=\"https:\/\/www.youtube.com\/embed\/mxoczaBDxss?feature=oembed\" frameborder=\"0\" allow=\"accelerometer; autoplay; clipboard-write; encrypted-media; gyroscope; picture-in-picture; web-share\" referrerpolicy=\"strict-origin-when-cross-origin\" allowfullscreen><\/iframe>\n<\/div><\/figure>\n<\/div>\n<\/div>\n","protected":false},"excerpt":{"rendered":"<p>Zobacz przyk\u0142adowe TOOLbooki i nagrania Pilotek Zmian.<\/p>\n","protected":false},"author":1,"featured_media":0,"parent":0,"menu_order":0,"comment_status":"closed","ping_status":"closed","template":"","meta":{"footnotes":""},"class_list":["post-1068","page","type-page","status-publish","hentry"],"jetpack_sharing_enabled":true,"_links":{"self":[{"href":"https:\/\/pilotkizmian.pl\/index.php\/wp-json\/wp\/v2\/pages\/1068","targetHints":{"allow":["GET"]}}],"collection":[{"href":"https:\/\/pilotkizmian.pl\/index.php\/wp-json\/wp\/v2\/pages"}],"about":[{"href":"https:\/\/pilotkizmian.pl\/index.php\/wp-json\/wp\/v2\/types\/page"}],"author":[{"embeddable":true,"href":"https:\/\/pilotkizmian.pl\/index.php\/wp-json\/wp\/v2\/users\/1"}],"replies":[{"embeddable":true,"href":"https:\/\/pilotkizmian.pl\/index.php\/wp-json\/wp\/v2\/comments?post=1068"}],"version-history":[{"count":12,"href":"https:\/\/pilotkizmian.pl\/index.php\/wp-json\/wp\/v2\/pages\/1068\/revisions"}],"predecessor-version":[{"id":1500,"href":"https:\/\/pilotkizmian.pl\/index.php\/wp-json\/wp\/v2\/pages\/1068\/revisions\/1500"}],"wp:attachment":[{"href":"https:\/\/pilotkizmian.pl\/index.php\/wp-json\/wp\/v2\/media?parent=1068"}],"curies":[{"name":"wp","href":"https:\/\/api.w.org\/{rel}","templated":true}]}}