{"id":1449,"date":"2025-06-13T20:03:07","date_gmt":"2025-06-13T20:03:07","guid":{"rendered":"https:\/\/pilotkizmian.pl\/?page_id=1449"},"modified":"2025-06-13T20:03:56","modified_gmt":"2025-06-13T20:03:56","slug":"warsztaty-strategiczne","status":"publish","type":"page","link":"https:\/\/pilotkizmian.pl\/index.php\/warsztaty-strategiczne\/","title":{"rendered":"WARSZTATY STRATEGICZNE"},"content":{"rendered":"\n<p>Twoja firma pr\u00f3buje nad\u0105\u017cy\u0107. <\/p>\n\n\n\n<p>Ale \u015bwiat tego nie u\u0142atwia. Ka\u017cdego ranka eksploduje nowymi trendami  AI, zr\u00f3wnowa\u017cony rozw\u00f3j, praca hybrydowa, inflacja, deflacja, generacja Alpha, wypalenie, konkurencja pojawia si\u0119 znik\u0105d, klienci zmieniaj\u0105 zdanie cz\u0119\u015bciej ni\u017c pogoda w marcu a prognozy ekonomiczne brzmi\u0105 jak horoskopy. <\/p>\n\n\n\n<p>Mamy 147 pilnych spraw, 23 nowe mo\u017cliwo\u015bci i 15 zagro\u017ce\u0144, kt\u00f3re &#8222;mo\u017ce si\u0119 nie wydarz\u0105, ale a nu\u017c&#8221;. Pojedyncza osoba, nawet genialna, po prostu si\u0119 w tym pogubi.<\/p>\n\n\n\n<p><strong>Dlaczego w tym chaosie potrzebujemy warsztat\u00f3w strategicznych?<\/strong><\/p>\n\n\n\n<p>Warsztat to miejsce, gdzie przestajemy udawa\u0107, \u017ce mamy wszystko pod kontrol\u0105. Zamiast tego rozk\u0142adamy na kawa\u0142ki ca\u0142\u0105 z\u0142o\u017cono\u015b\u0107 \u015bwiata i razem zastanawiamy si\u0119: &#8222;Okej, co z tego naprawd\u0119 ma znaczenie dla nas? Co mo\u017cemy kontrolowa\u0107, a z czym musimy si\u0119 pogodzi\u0107? I co robimy, je\u015bli scenariusz A si\u0119 nie sprawdzi?&#8221;<\/p>\n\n\n\n<p>Strategia w niepewnych czasach to nie przepowiadanie przysz\u0142o\u015bci. To przygotowanie si\u0119 na kilka mo\u017cliwych wersji tej przysz\u0142o\u015bci i umiej\u0119tno\u015b\u0107 szybkiego reagowania, gdy oka\u017ce si\u0119, kt\u00f3ra w\u0142a\u015bnie si\u0119 dzieje. <\/p>\n\n\n\n<p>I do tego w\u0142a\u015bnie potrzebujecie Pilotek Zmian &#8211; \u017ceby w\u0142\u0105czy\u0107 radar i ustali\u0107 wsp\u00f3lny kierunek lotu (a jeszcze lepiej: wiele kierunk\u00f3w, na kt\u00f3re b\u0119dziecie gotowi i przygotowani b\u0119dziecie je eksplorowa\u0107 i testowa\u0107). <\/p>\n\n\n\n<div class=\"wp-block-columns is-layout-flex wp-container-core-columns-is-layout-9d6595d7 wp-block-columns-is-layout-flex\">\n<div class=\"wp-block-column is-layout-flow wp-block-column-is-layout-flow\">\n<figure class=\"wp-block-image size-large\"><img loading=\"lazy\" decoding=\"async\" width=\"819\" height=\"1024\" src=\"https:\/\/pilotkizmian.pl\/wp-content\/uploads\/2025\/06\/Untitled-design-27-819x1024.png\" alt=\"\" class=\"wp-image-1450\" srcset=\"https:\/\/pilotkizmian.pl\/wp-content\/uploads\/2025\/06\/Untitled-design-27-819x1024.png 819w, https:\/\/pilotkizmian.pl\/wp-content\/uploads\/2025\/06\/Untitled-design-27-240x300.png 240w, https:\/\/pilotkizmian.pl\/wp-content\/uploads\/2025\/06\/Untitled-design-27-768x960.png 768w, https:\/\/pilotkizmian.pl\/wp-content\/uploads\/2025\/06\/Untitled-design-27-350x438.png 350w, https:\/\/pilotkizmian.pl\/wp-content\/uploads\/2025\/06\/Untitled-design-27.png 1080w\" sizes=\"auto, (max-width: 767px) 89vw, (max-width: 1000px) 54vw, (max-width: 1071px) 543px, 580px\" \/><\/figure>\n<\/div>\n\n\n\n<div class=\"wp-block-column is-layout-flow wp-block-column-is-layout-flow\">\n<p><strong>Jak pracuj\u0105 Pilotki Zmian?<\/strong><\/p>\n\n\n\n<p><strong>Sprinty<\/strong> &#8211; Kr\u00f3tkie, intensywne sesje robocze, gdzie w ci\u0105gu kilku dni przechodzimy od &#8222;mamy problem&#8221; do &#8222;mamy plan&#8221;. \u017badnego przeci\u0105gania w niesko\u0144czono\u015b\u0107, \u017cadnych miesi\u0119cznych analiz. Skupiamy si\u0119 na jednym wyzwaniu, mobilizujemy odpowiednie osoby i idziemy na ca\u0142o\u015b\u0107. Jak hackathon, tylko dla strategii.<\/p>\n\n\n\n<p><strong>Design thinking<\/strong> &#8211; Patrzymy na problemy oczami tych, kt\u00f3rzy ich naprawd\u0119 do\u015bwiadczaj\u0105. Zamiast wymy\u015bla\u0107 rozwi\u0105zania w biurowej ba\u0144ce, wychodzimy do klient\u00f3w, partner\u00f3w, pracownik\u00f3w i pytamy wprost: &#8222;Co was boli? Czego potrzebujecie?&#8221;. A potem testujemy nasze pomys\u0142y zanim zainwestujemy w nie fortun\u0119.<\/p>\n<\/div>\n<\/div>\n\n\n\n<div class=\"wp-block-columns is-layout-flex wp-container-core-columns-is-layout-9d6595d7 wp-block-columns-is-layout-flex\">\n<div class=\"wp-block-column is-layout-flow wp-block-column-is-layout-flow\">\n<p><strong>My\u015blenie scenariuszowe<\/strong> &#8211; Przysz\u0142o\u015b\u0107 ma wi\u0119cej ni\u017c jedn\u0105 wersj\u0119, wi\u0119c przygotowujemy si\u0119 na kilka. &#8222;Co je\u015bli AI zast\u0105pi po\u0142ow\u0119 naszych proces\u00f3w?&#8221;, &#8222;Co je\u015bli m\u0142odzi pracownicy przestan\u0105 chcie\u0107 pracowa\u0107 w biurach?&#8221;, &#8222;Co je\u015bli nasza najwi\u0119ksza konkurencja przyjdzie z zupe\u0142nie innej bran\u017cy?&#8221;. Nie wr\u00f3\u017cymy z fus\u00f3w, tylko budujemy plany B, C i D.<\/p>\n\n\n\n<p><strong>Future foresight<\/strong> &#8211; \u0141owimy s\u0142abe sygna\u0142y zanim stan\u0105 si\u0119 g\u0142o\u015bnymi trendami. Patrzymy na to, co si\u0119 dzieje na obrze\u017cach waszej bran\u017cy, w innych cz\u0119\u015bciach \u015bwiata, w innych pokoleniach. Bo przysz\u0142o\u015b\u0107 rzadko zaczyna si\u0119 w centrum &#8211; cz\u0119\u015bciej na peryferiach, gdzie nikt jeszcze nie zwraca uwagi.<\/p>\n\n\n\n<p><\/p>\n<\/div>\n\n\n\n<div class=\"wp-block-column is-layout-flow wp-block-column-is-layout-flow\">\n<figure class=\"wp-block-image size-large\"><img loading=\"lazy\" decoding=\"async\" width=\"819\" height=\"1024\" src=\"https:\/\/pilotkizmian.pl\/wp-content\/uploads\/2025\/06\/Untitled-design-28-1-819x1024.png\" alt=\"\" class=\"wp-image-1452\" srcset=\"https:\/\/pilotkizmian.pl\/wp-content\/uploads\/2025\/06\/Untitled-design-28-1-819x1024.png 819w, https:\/\/pilotkizmian.pl\/wp-content\/uploads\/2025\/06\/Untitled-design-28-1-240x300.png 240w, https:\/\/pilotkizmian.pl\/wp-content\/uploads\/2025\/06\/Untitled-design-28-1-768x960.png 768w, https:\/\/pilotkizmian.pl\/wp-content\/uploads\/2025\/06\/Untitled-design-28-1-350x438.png 350w, https:\/\/pilotkizmian.pl\/wp-content\/uploads\/2025\/06\/Untitled-design-28-1.png 1080w\" sizes=\"auto, (max-width: 767px) 89vw, (max-width: 1000px) 54vw, (max-width: 1071px) 543px, 580px\" \/><\/figure>\n<\/div>\n<\/div>\n\n\n\n<p>Ka\u017cde narz\u0119dzie wybieramy pod konkretne wyzwanie. Czasem potrzebujecie wszystkich naraz, czasem wystarczy jedno &#8211; ale zawsze takie, kt\u00f3re rzeczywi\u015bcie was przesunie do przodu, a nie tylko da poczucie, \u017ce &#8222;co\u015b robimy&#8221;.<\/p>\n\n\n\n<p><\/p>\n","protected":false},"excerpt":{"rendered":"<p>Twoja firma pr\u00f3buje nad\u0105\u017cy\u0107. Ale \u015bwiat tego nie u\u0142atwia. Ka\u017cdego ranka eksploduje nowymi trendami AI, zr\u00f3wnowa\u017cony rozw\u00f3j, praca hybrydowa, inflacja, deflacja, generacja Alpha, wypalenie, konkurencja pojawia si\u0119 znik\u0105d, klienci zmieniaj\u0105 zdanie cz\u0119\u015bciej ni\u017c pogoda w marcu a prognozy ekonomiczne brzmi\u0105 jak horoskopy. Mamy 147 pilnych spraw, 23 nowe mo\u017cliwo\u015bci i 15 zagro\u017ce\u0144, kt\u00f3re &#8222;mo\u017ce si\u0119 &hellip; <\/p>\n<p class=\"link-more\"><a href=\"https:\/\/pilotkizmian.pl\/index.php\/warsztaty-strategiczne\/\" class=\"more-link\">Czytaj dalej<span class=\"screen-reader-text\"> \u201eWARSZTATY STRATEGICZNE\u201d<\/span><\/a><\/p>\n","protected":false},"author":1,"featured_media":0,"parent":0,"menu_order":0,"comment_status":"closed","ping_status":"closed","template":"","meta":{"footnotes":""},"class_list":["post-1449","page","type-page","status-publish","hentry"],"jetpack_sharing_enabled":true,"_links":{"self":[{"href":"https:\/\/pilotkizmian.pl\/index.php\/wp-json\/wp\/v2\/pages\/1449","targetHints":{"allow":["GET"]}}],"collection":[{"href":"https:\/\/pilotkizmian.pl\/index.php\/wp-json\/wp\/v2\/pages"}],"about":[{"href":"https:\/\/pilotkizmian.pl\/index.php\/wp-json\/wp\/v2\/types\/page"}],"author":[{"embeddable":true,"href":"https:\/\/pilotkizmian.pl\/index.php\/wp-json\/wp\/v2\/users\/1"}],"replies":[{"embeddable":true,"href":"https:\/\/pilotkizmian.pl\/index.php\/wp-json\/wp\/v2\/comments?post=1449"}],"version-history":[{"count":2,"href":"https:\/\/pilotkizmian.pl\/index.php\/wp-json\/wp\/v2\/pages\/1449\/revisions"}],"predecessor-version":[{"id":1454,"href":"https:\/\/pilotkizmian.pl\/index.php\/wp-json\/wp\/v2\/pages\/1449\/revisions\/1454"}],"wp:attachment":[{"href":"https:\/\/pilotkizmian.pl\/index.php\/wp-json\/wp\/v2\/media?parent=1449"}],"curies":[{"name":"wp","href":"https:\/\/api.w.org\/{rel}","templated":true}]}}