{"id":3,"date":"2021-08-26T08:28:58","date_gmt":"2021-08-26T08:28:58","guid":{"rendered":"http:\/\/pilotkizmian.pl\/?page_id=3"},"modified":"2024-11-05T15:10:23","modified_gmt":"2024-11-05T15:10:23","slug":"privacy-policy","status":"publish","type":"page","link":"https:\/\/pilotkizmian.pl\/index.php\/privacy-policy\/","title":{"rendered":"Polityka Prywatno\u015bci"},"content":{"rendered":"\n<p>Tutaj znajdziesz zasady przetwarzania danych osobowych oraz wykorzystywania plik\u00f3w cookies w zwi\u0105zku z korzystaniem ze strony internetowej\u00a0<a href=\"https:\/\/pilotkizmian.pl\/\">https:\/\/pilotkizmian.pl\/<\/a> i powi\u0105zanej z ni\u0105 strony\u00a0<a href=\"http:\/\/www.futurysci.pl\/\">www.futurysci.pl<\/a><\/p>\n\n\n\n<p><strong>Administratorem strony<\/strong>&nbsp;jest firma Edyta Paul, ul. S\u0142awi\u0144ska 10, 60-183 Pozna\u0144, NIP 6711004283<\/p>\n\n\n\n<p>W razie jakichkolwiek w\u0105tpliwo\u015bci zwi\u0105zanych z polityk\u0105 prywatno\u015bci, w ka\u017cdej chwili mo\u017cesz skontaktowa\u0107 si\u0119 z nami, wysy\u0142aj\u0105c wiadomo\u015b\u0107 na adres halo@edytapaul.pl<\/p>\n\n\n\n<p><strong>Najwa\u017cniejsze informacje<\/strong><\/p>\n\n\n\n<p><strong>Skr\u00f3cona wersja najwa\u017cniejszych zasad, zwi\u0105zanych z ochron\u0105 prywatno\u015bci.<\/strong><\/p>\n\n\n\n<ul class=\"wp-block-list\">\n<li>Zak\u0142adaj\u0105c konto u\u017cytkownika za po\u015brednictwem strony, sk\u0142adaj\u0105c zam\u00f3wienie, wykupuj\u0105c subskrypcj\u0119, zapisuj\u0105c si\u0119 do newslettera, sk\u0142adaj\u0105c reklamacj\u0119, odst\u0119puj\u0105c od umowy czy &nbsp;kontaktuj\u0105c si\u0119 z nami, przekazujesz nam swoje dane osobowe, a my gwarantujemy Ci, \u017ce Twoje dane pozostan\u0105 poufne, bezpieczne i nie zostan\u0105 udost\u0119pnione jakimkolwiek podmiotom trzecim bez wyra\u017anej podstawy prawnej i uzasadnionej potrzeby.<\/li>\n\n\n\n<li>Powierzamy przetwarzanie danych osobowych tylko sprawdzonym i zaufanym podmiotom, \u015bwiadcz\u0105cym us\u0142ugi zwi\u0105zane z przetwarzaniem danych osobowych.<\/li>\n\n\n\n<li>Korzystamy z narz\u0119dzi analitycznych np. Google Analytics, kt\u00f3re zbieraj\u0105 informacje na temat Twoich odwiedzin strony, takie jak wy\u015bwietlone podstrony, czas sp\u0119dzony na stronie czy przej\u015bcia pomi\u0119dzy poszczeg\u00f3lnymi podstronami. W tym celu wykorzystywane s\u0105 pliki cookies firmy Google LLC, dotycz\u0105ce us\u0142ugi Google Analytics. W ramach mechanizmu do zarz\u0105dzania ustawieniami plik\u00f3w cookies masz mo\u017cliwo\u015b\u0107 zadecydowania, czy wyra\u017casz zgod\u0119 na korzystanie przez nas w Twoim przypadku z cookies analitycznych, czy nie.<\/li>\n\n\n\n<li>Korzystamy z narz\u0119dzi marketingowych, takich jak Facebook Pixel, by kierowa\u0107 do Ciebie reklamy. Wi\u0105\u017ce si\u0119 to z wykorzystywaniem plik\u00f3w cookies firmy Facebook. W ramach ustawie\u0144 plik\u00f3w cookies mo\u017cesz zadecydowa\u0107, czy wyra\u017casz zgod\u0119 na korzystanie przez nas w Twoim przypadku z cookies marketingowych, czy nie.<\/li>\n\n\n\n<li>Zapewniamy mo\u017cliwo\u015b\u0107 korzystania z funkcji spo\u0142eczno\u015bciowych, takich jak udost\u0119pnianie tre\u015bci w serwisach spo\u0142eczno\u015bciowych oraz subskrypcja profilu spo\u0142eczno\u015bciowego. Korzystanie z tych funkcji wi\u0105\u017ce si\u0119 z wykorzystywaniem plik\u00f3w cookies administrator\u00f3w serwis\u00f3w spo\u0142eczno\u015bciowych takich jak Facebook czy Linkedin.<\/li>\n<\/ul>\n\n\n\n<p><strong>Dane osobowe<\/strong><\/p>\n\n\n\n<p><strong>Administratorem&nbsp;<\/strong>Twoich danych osobowych w rozumieniu przepis\u00f3w o ochronie danych osobowych jest firma Edyta Paul, ul. S\u0142awi\u0144ska 10, 60-183 Pozna\u0144, NIP 6711004283<\/p>\n\n\n\n<p><strong>Cele, podstawy prawne oraz okres przetwarzania danych osobowych&nbsp;<\/strong>wskazane s\u0105 odr\u0119bnie w stosunku do ka\u017cdego celu przetwarzania danych (patrz: opis poszczeg\u00f3lnych cel\u00f3w przetwarzania danych osobowych poni\u017cej).<\/p>\n\n\n\n<p><strong>Uprawnienia<\/strong>. RODO przyznaje Ci nast\u0119puj\u0105ce potencjalne uprawnienia zwi\u0105zane z przetwarzaniem Twoich danych osobowych:<\/p>\n\n\n\n<ul class=\"wp-block-list\">\n<li>prawo dost\u0119pu do danych osobowych,<\/li>\n\n\n\n<li>prawo do sprostowania danych osobowych,<\/li>\n\n\n\n<li>prawo do usuni\u0119cia danych osobowych,<\/li>\n\n\n\n<li>prawo do ograniczenia przetwarzania danych osobowych,<\/li>\n\n\n\n<li>prawo do wniesienia sprzeciwu co do przetwarzania danych osobowych,<\/li>\n\n\n\n<li>prawo do przenoszenia danych,<\/li>\n\n\n\n<li>prawo do wniesienia skargi do organu nadzorczego,<\/li>\n\n\n\n<li>prawo do odwo\u0142ania zgody na przetwarzanie danych osobowych, je\u017celi takow\u0105 zgod\u0119 wyrazi\u0142e\u015b.<\/li>\n<\/ul>\n\n\n\n<p>Zasady zwi\u0105zane z realizacj\u0105 wskazanych uprawnie\u0144 zosta\u0142y opisane szczeg\u00f3\u0142owo w art. 16 \u2013 21 RODO. Zach\u0119camy do zapoznania si\u0119 z tymi przepisami. Zawsze mo\u017cesz r\u00f3wnie\u017c zwr\u00f3ci\u0107 si\u0119 do nas z \u017c\u0105daniem udost\u0119pnienia Ci informacji o tym, jakie dane na Tw\u00f3j temat posiadamy oraz w jakich celach je przetwarzamy. Wystarczy, \u017ce wy\u015blesz wiadomo\u015b\u0107 na adres halo@edytapaul.pl.<\/p>\n\n\n\n<p><strong>Bezpiecze\u0144stwo<\/strong>. Gwarantujemy Ci poufno\u015b\u0107 wszelkich przekazanych nam danych osobowych. Zapewniamy podj\u0119cie wszelkich \u015brodk\u00f3w bezpiecze\u0144stwa i ochrony danych osobowych, wymaganych przez przepisy o ochronie danych osobowych. Dane osobowe s\u0105 gromadzone z nale\u017cyt\u0105 staranno\u015bci\u0105 i odpowiednio chronione przed dost\u0119pem do nich przez osoby do tego nieupowa\u017cnione.<\/p>\n\n\n\n<p><strong>Wykaz powierze\u0144<\/strong>. Powierzamy przetwarzanie danych osobowych nast\u0119puj\u0105cym podmiotom:<\/p>\n\n\n\n<ol class=\"wp-block-list\">\n<li><strong>zenbox sp. z o.o.<\/strong>&nbsp;z siedzib\u0105 w Cz\u0119stochowie, adres: ul. D\u0105browskiego 7 lokal 6, 42-202 Cz\u0119stochowa, NIP:&nbsp;9492191021&nbsp; \u2013 w celu przechowywania danych osobowych na serwerze,<\/li>\n\n\n\n<li><strong>InFakt sp. z o.o<\/strong>., Krak\u00f3w ul. K\u0105cik 4, NIP:&nbsp;9452121681 \u2013 w celu korzystania z systemu do fakturowania, w kt\u00f3rym przetwarzane s\u0105 Twoje dane, je\u017celi wystawiamy dla Ciebie faktur\u0119,<\/li>\n\n\n\n<li><strong>MailerLite<\/strong>&nbsp;oraz&nbsp;<strong>ConvertKit<\/strong>&nbsp;w celu wysy\u0142ania ci newslettera<\/li>\n<\/ol>\n\n\n\n<p>Wszystkie podmioty, kt\u00f3rym powierzamy przetwarzanie danych osobowych, gwarantuj\u0105 stosowanie odpowiednich \u015brodk\u00f3w ochrony i bezpiecze\u0144stwa danych osobowych wymaganych przez przepisy prawa.<\/p>\n\n\n\n<p><strong>Udost\u0119pnianie danych.<\/strong>&nbsp;Twoje dane udost\u0119pniamy (jako odr\u0119bnemu administratorowi danych) podmiotowi realizuj\u0105cemu p\u0142atno\u015bci online, jednak tylko w takim zakresie, w jakim jest to konieczne do obs\u0142ugi wp\u0142aty. Obecnie operatorem p\u0142atno\u015bci jest<strong>&nbsp;serwis Tpay&nbsp;<\/strong>dostarczany przez Krajowy Integrator P\u0142atno\u015bci Sp\u00f3\u0142ka Akcyjna z siedzib\u0105 w Poznaniu, ul. \u015aw. Marcin 73\/6, 61-808 Pozna\u0144.<\/p>\n\n\n\n<p><strong>Przetwarzanie Twoich danych<\/strong><\/p>\n\n\n\n<p><strong>Konto u\u017cytkownika.<\/strong>&nbsp;Konto u\u017cytkownika zak\u0142adane jest przy dokonywaniu pierwszego zam\u00f3wienia, jako element realizacji umowy. W zwi\u0105zku z tym podczas sk\u0142adania zam\u00f3wienia przez stron\u0119&nbsp;musisz poda\u0107 sw\u00f3j adres e-mail oraz dane niezb\u0119dne do realizacji zam\u00f3wienia, tj. imi\u0119 i nazwisko, adres rozliczeniowy, adres e-mail. Podanie danych jest dobrowolne, ale niezb\u0119dne do realizacji zam\u00f3wienia. Po op\u0142aceniu zam\u00f3wienia (wykorzystuj\u0105c podane przy zam\u00f3wieniu imi\u0119 i nazwisko oraz adres e-mail) automatycznie na stronie&nbsp;&nbsp;zostaje utworzone konto u\u017cytkownika.<\/p>\n\n\n\n<p>Dane wprowadzone przez Ciebie w ramach konta u\u017cytkownika przetwarzane s\u0105 wy\u0142\u0105cznie w celu utrzymywania konta i zapewnienia Ci mo\u017cliwo\u015bci korzystania z niego.&nbsp;Podstaw\u0105 prawn\u0105 przetwarzania Twoich danych osobowych w ramach konta u\u017cytkownika jest realizacja umowy o prowadzenie konta, kt\u00f3r\u0105 zawierasz na podstawie regulaminu sklepu \u2013 art. 6 ust. 1 lit. b RODO.<\/p>\n\n\n\n<p>Dane zgromadzone podczas sk\u0142adania zam\u00f3wienia przetwarzane s\u0105 w ramach systemu WordPress i przechowywane na serwerze zapewnianym przez zenbox sp. z o.o.<\/p>\n\n\n\n<p>Twoje dane b\u0119d\u0105 przetwarzane w ramach konta tak d\u0142ugo, jak d\u0142ugo b\u0119dziesz posiada\u0107 konto u\u017cytkownika. Po usuni\u0119ciu konta, twoje dane zostan\u0105 usuni\u0119te z bazy, za wyj\u0105tkiem danych o z\u0142o\u017conych zam\u00f3wieniach.<\/p>\n\n\n\n<p>W ka\u017cdej chwili mo\u017cesz uzyska\u0107 dost\u0119p do swoich danych osobowych przetwarzanych w ramach konta, loguj\u0105c si\u0119 do swojego konta u\u017cytkownika. Dost\u0119p do danych, kt\u00f3re nie wy\u015bwietlaj\u0105 si\u0119 w zak\u0142adce \u201eEdytuj swoje dane\u201d mo\u017cesz uzyska\u0107 po skierowaniu \u017c\u0105dania na adres&nbsp;<a href=\"mailto:halo@edytapaul.pl\">halo@edytapaul.pl<\/a>&nbsp;W ten sam spos\u00f3b mo\u017cesz dokona\u0107 modyfikacji danych lub usuni\u0119cia konta.&nbsp;<\/p>\n\n\n\n<p>W stosunku do danych zgromadzonych w koncie u\u017cytkownika przys\u0142uguje Ci r\u00f3wnie\u017c prawo do przenoszenia danych, o kt\u00f3rym mowa w art. 20 RODO.<\/p>\n\n\n\n<p><strong>Zam\u00f3wienia<\/strong><\/p>\n\n\n\n<p>Sk\u0142adaj\u0105c zam\u00f3wienie, musisz poda\u0107 dane niezb\u0119dne do realizacji zam\u00f3wienia, tj. imi\u0119 i nazwisko, adres rozliczeniowy, adres e-mail. Podanie danych jest dobrowolne, ale niezb\u0119dne do z\u0142o\u017cenia zam\u00f3wienia.<\/p>\n\n\n\n<p>Dane przekazane nam w zwi\u0105zku z zam\u00f3wieniem, przetwarzane s\u0105 w celu realizacji zam\u00f3wienia (art. 6 ust. 1 lit. b RODO), wystawienia faktury (art. 6 ust. 1 lit. c RODO), uwzgl\u0119dnienia faktury w naszej dokumentacji ksi\u0119gowej (art. 6 ust. 1 lit. c RODO) oraz w celach archiwalnych i statystycznych (art. 6 ust. 1 lit. f RODO).<\/p>\n\n\n\n<p>Dane zawarte w zam\u00f3wieniu z\u0142o\u017conym za po\u015brednictwem sklepu przetwarzane s\u0105 w ramach systemu WordPress i przechowywane na serwerze zapewnianym przez zenbox sp. z o.o.<\/p>\n\n\n\n<p>Ka\u017cde zam\u00f3wienie dokumentowane jest faktur\u0105 lub innym dokumentem ksi\u0119gowym. Faktury i dokumenty ksi\u0119gowe wystawiane s\u0105 z wykorzystaniem systemu InFakt sp. z o.o. Zam\u00f3wienia s\u0105 r\u00f3wnie\u017c rejestrowane w naszej wewn\u0119trznej bazie w celach archiwalnych i statystycznych.<\/p>\n\n\n\n<p>Dane o zam\u00f3wieniach b\u0119d\u0105 przetwarzane przez czas niezb\u0119dny do realizacji zam\u00f3wienia, a nast\u0119pnie do czasu up\u0142ywu terminu przedawnienia roszcze\u0144 z tytu\u0142u zawartej umowy. Ponadto, po up\u0142ywie tego terminu, dane nadal mog\u0105 by\u0107 przez nas przetwarzane w celach statystycznych. Pami\u0119taj r\u00f3wnie\u017c, \u017ce mamy obowi\u0105zek przechowywa\u0107 faktury z Twoimi danymi osobowymi przez okres 5 lat od ko\u0144ca roku podatkowego, w kt\u00f3rym powsta\u0142 obowi\u0105zek podatkowy.<\/p>\n\n\n\n<p>W przypadku danych o zam\u00f3wieniach nie masz mo\u017cliwo\u015bci sprostowania tych danych po realizacji zam\u00f3wienia. Nie mo\u017cesz r\u00f3wnie\u017c sprzeciwi\u0107 si\u0119 przetwarzaniu danych oraz domaga\u0107 si\u0119 usuni\u0119cia danych do czasu up\u0142ywu terminu przedawnienia roszcze\u0144 z tytu\u0142u zawartej umowy. Podobnie, nie mo\u017cesz sprzeciwi\u0107 si\u0119 przetwarzaniu danych oraz domaga\u0107 si\u0119 usuni\u0119cia danych zawartych w fakturach. Po up\u0142ywie terminu przedawnienia roszcze\u0144 z tytu\u0142u zawartej umowy mo\u017cesz jednak sprzeciwi\u0107 si\u0119 przetwarzaniu przez nas Twoich danych w celach statystycznych, jak r\u00f3wnie\u017c domaga\u0107 si\u0119 usuni\u0119cia Twoich danych z naszej bazy.<\/p>\n\n\n\n<p>W stosunku do danych o zam\u00f3wieniach przys\u0142uguje Ci r\u00f3wnie\u017c prawo do przenoszenia danych, o kt\u00f3rym mowa w art. 20 RODO.<\/p>\n\n\n\n<p><strong>Newsletter<\/strong><\/p>\n\n\n\n<p>Je\u017celi chcesz zapisa\u0107 si\u0119 do newslettera, musisz przekaza\u0107 nam sw\u00f3j adres e-mail za po\u015brednictwem formularza zapisu do newslettera lub wyrazi\u0107 odr\u0119bn\u0105 zgod\u0119 w procesie sk\u0142adania zam\u00f3wienia.<\/p>\n\n\n\n<p>Dane przekazane nam podczas zapisu do newslettera wykorzystywane s\u0105 w celu przesy\u0142ania Ci newslettera, a podstaw\u0105 prawn\u0105 ich przetwarzania jest Twoja zgoda (art. 6 ust. 1 lit. a RODO) wyra\u017cona podczas zapisywania si\u0119 do newslettera.<\/p>\n\n\n\n<p>Dane przetwarzane s\u0105 w ramach systemu mailingowego MailerLite i przechowywane na serwerze zapewnianym przez MailerLite.<\/p>\n\n\n\n<p>Dane b\u0119d\u0105 przetwarzane przez czas funkcjonowania newslettera, chyba \u017ce wcze\u015bniej zrezygnujesz z jego otrzymywania, co spowoduje usuni\u0119cie Twoich danych z bazy.<\/p>\n\n\n\n<p>W ka\u017cdej chwili mo\u017cesz sprostowa\u0107 swoje dane zapisane w bazie newsletterowej, jak r\u00f3wnie\u017c za\u017c\u0105da\u0107 ich usuni\u0119cia, rezygnuj\u0105c z otrzymywania newslettera. Przys\u0142uguje Ci r\u00f3wnie\u017c prawo do przenoszenia danych, o kt\u00f3rym mowa w art. 20 RODO.<\/p>\n\n\n\n<p><strong>Reklamacje i odst\u0105pienie od umowy<\/strong><\/p>\n\n\n\n<p>Je\u017celi sk\u0142adasz reklamacj\u0119 lub odst\u0119pujesz od umowy, to przekazujesz nam dane osobowe zawarte w tre\u015bci reklamacji lub o\u015bwiadczeniu o odst\u0105pieniu od umowy, kt\u00f3re obejmuje imi\u0119 i nazwisko, adres zamieszkania, numer telefonu, adres e-mail, numer rachunku bankowego.<\/p>\n\n\n\n<p>Dane przekazane nam w zwi\u0105zku ze z\u0142o\u017ceniem reklamacji lub odst\u0105pieniem od umowy wykorzystywane s\u0105 w celu realizacji procedury reklamacyjnej lub procedury odst\u0105pienia od umowy (art. 6 ust. 1 lit. c RODO).<\/p>\n\n\n\n<p>Dane b\u0119d\u0105 przetwarzane przez czas niezb\u0119dny do realizacji procedury reklamacyjnej lub procedury odst\u0105pienia. Reklamacje oraz o\u015bwiadczenia o odst\u0105pieniu od umowy mog\u0105 by\u0107 ponadto archiwizowane w celach statystycznych.<\/p>\n\n\n\n<p>W przypadku danych zawartych w reklamacjach oraz o\u015bwiadczeniach o odst\u0105pieniu od umowy nie masz mo\u017cliwo\u015bci sprostowania tych danych. Nie mo\u017cesz r\u00f3wnie\u017c sprzeciwi\u0107 si\u0119 przetwarzaniu danych oraz domaga\u0107 si\u0119 usuni\u0119cia danych do czasu up\u0142ywu terminu przedawnienia roszcze\u0144 z tytu\u0142u zawartej umowy. Po up\u0142ywie terminu przedawnienia roszcze\u0144 z tytu\u0142u zawartej umowy mo\u017cesz jednak sprzeciwi\u0107 si\u0119 przetwarzaniu przez nas Twoich danych w celach statystycznych, jak r\u00f3wnie\u017c domaga\u0107 si\u0119 usuni\u0119cia Twoich danych z naszej bazy.<\/p>\n\n\n\n<p><strong>Kontakt e-mailowy<\/strong><\/p>\n\n\n\n<p>Kontaktuj\u0105c si\u0119 z nami za po\u015brednictwem poczty elektronicznej, w tym r\u00f3wnie\u017c przesy\u0142aj\u0105c zapytanie poprzez formularz kontaktowy, w spos\u00f3b naturalny przekazujesz nam sw\u00f3j adres e-mail jako adres nadawcy wiadomo\u015bci. Ponadto, w tre\u015bci wiadomo\u015bci mo\u017cesz zawrze\u0107 r\u00f3wnie\u017c inne dane osobowe.<\/p>\n\n\n\n<p>Twoje dane s\u0105 w tym przypadku przetwarzane w celu kontaktu z Tob\u0105, a podstaw\u0105 przetwarzania jest art. 6 ust. 1 lit. f RODO, czyli prawnie uzasadniony interes administratora polegaj\u0105cy na udzieleniu odpowiedzi na Twoj\u0105 wiadomo\u015b\u0107. Podstaw\u0105 prawn\u0105 przetwarzania po zako\u0144czeniu kontaktu jest prawnie uzasadniony interes administratora polegaj\u0105cy na archiwizacji korespondencji na potrzeby wewn\u0119trzne (art. 6 ust. 1 lit. f RODO).<\/p>\n\n\n\n<p>Tre\u015b\u0107 korespondencji mo\u017ce podlega\u0107 archiwizacji. Masz prawo do domagania si\u0119 przedstawienia historii korespondencji, jak\u0105 z nami prowadzi\u0142e\u015b (je\u017celi podlega\u0142a archiwizacji), jak r\u00f3wnie\u017c domaga\u0107 si\u0119 jej usuni\u0119cia, chyba \u017ce jej archiwizacja jest uzasadniona z uwagi na nasze nadrz\u0119dne interesy, np. obrona przed potencjalnymi roszczeniami.<\/p>\n\n\n\n<p><strong>Pliki cookies i inne technologie \u015bledz\u0105ce<\/strong><\/p>\n\n\n\n<p>Nasza strona, podobnie jak niemal wszystkie inne strony internetowe, wykorzystuje pliki cookies, by zapewni\u0107 Ci najlepsze do\u015bwiadczenia zwi\u0105zane z korzystaniem z niej.<\/p>\n\n\n\n<p>Cookies to niewielkie informacje tekstowe, przechowywane na Twoim urz\u0105dzeniu ko\u0144cowym (np. komputerze, tablecie, smartfonie), kt\u00f3re mog\u0105 by\u0107 odczytywane przez nasz system teleinformatyczny. Wi\u0119cej szczeg\u00f3\u0142\u00f3w znajdziesz poni\u017cej.<\/p>\n\n\n\n<p><strong>Zgoda na cookies<\/strong>. Podczas pierwszej wizyty na stronie<a href=\"https:\/\/pilotkizmian.pl\/\">\u00a0www.pilotkizmian.pl\u00a0<\/a>\u00a0\u00a0wy\u015bwietlana jest Ci informacja na temat stosowania plik\u00f3w cookies wraz z pytaniem o zgod\u0119 na wykorzystywanie plik\u00f3w cookies. Dzi\u0119ki specjalnemu narz\u0119dziu masz mo\u017cliwo\u015b\u0107 zarz\u0105dzania plikami cookies z poziomu strony. Ponadto, zawsze mo\u017cesz zmieni\u0107 ustawienia cookies z poziomu swojej przegl\u0105darki albo w og\u00f3le usun\u0105\u0107 pliki cookies. Pami\u0119taj jednak, \u017ce wy\u0142\u0105czenie plik\u00f3w cookies mo\u017ce powodowa\u0107 trudno\u015bci w korzystaniu ze strony, jak r\u00f3wnie\u017c z wielu innych stron internetowych, kt\u00f3re stosuj\u0105 cookies.<\/p>\n\n\n\n<p><strong>Cookies podmiot\u00f3w trzecich<\/strong>. Nasza strona, podobnie jak wi\u0119kszo\u015b\u0107 wsp\u00f3\u0142czesnych stron internetowych, wykorzystuje funkcje zapewniane przez podmioty trzecie, co wi\u0105\u017ce si\u0119 z wykorzystywaniem plik\u00f3w cookies pochodz\u0105cych od podmiot\u00f3w trzecich. Wykorzystanie tego rodzaju plik\u00f3w cookies zosta\u0142o opisane poni\u017cej.<\/p>\n\n\n\n<p><strong>Analiza i statystyka<\/strong>. Wykorzystujemy cookies do \u015bledzenia statystyk strony, takich jak liczba os\u00f3b odwiedzaj\u0105cych, rodzaj systemu operacyjnego i przegl\u0105darki internetowej wykorzystywanej do przegl\u0105dania strony, czas sp\u0119dzony na stronie, odwiedzone podstrony etc. Korzystamy w tym zakresie z Google Analytics, co wi\u0105\u017ce si\u0119 z wykorzystaniem plik\u00f3w cookies firmy Google LLC. W ramach mechanizmu do zarz\u0105dzania ustawieniami plik\u00f3w cookies masz mo\u017cliwo\u015b\u0107 zadecydowania, czy wyra\u017casz zgod\u0119 na korzystanie przez nas w Twoim przypadku z cookies analitycznych, czy nie.<\/p>\n\n\n\n<p><strong>Marketing<\/strong>. Korzystamy z narz\u0119dzi marketingowych, takich jak Facebook Pixel, by kierowa\u0107 do Ciebie reklamy. Wi\u0105\u017ce si\u0119 to z wykorzystywaniem plik\u00f3w cookies firmy Facebook. W ramach ustawie\u0144 plik\u00f3w cookies mo\u017cesz zadecydowa\u0107, czy wyra\u017casz zgod\u0119 na korzystanie przez nas w Twoim przypadku z cookies marketingowych, czy nie.<\/p>\n\n\n\n<p><strong>Narz\u0119dzia spo\u0142eczno\u015bciowe<\/strong>. Zapewniamy mo\u017cliwo\u015b\u0107 korzystania z funkcji spo\u0142eczno\u015bciowych, takich jak udost\u0119pnianie tre\u015bci w serwisach spo\u0142eczno\u015bciowych oraz subskrypcja profilu spo\u0142eczno\u015bciowego. Korzystanie z tych funkcji wi\u0105\u017ce si\u0119 z wykorzystywaniem plik\u00f3w cookies administrator\u00f3w serwis\u00f3w spo\u0142eczno\u015bciowych takich jak Facebook oraz LinkedIN. Osadzamy na stronie nagrania wideo z serwisu YouTube. Gdy odtwarzasz takie nagrania, wykorzystywane s\u0105 pliki cookies firmy Google LLC dotycz\u0105ce us\u0142ugi YouTube.<\/p>\n\n\n\n<p><strong>Logi serwera<\/strong><\/p>\n\n\n\n<p>Korzystanie ze strony wi\u0105\u017ce si\u0119 z przesy\u0142aniem zapyta\u0144 do serwera, na kt\u00f3rym przechowywana jest strona. Ka\u017cde zapytanie skierowane do serwera zapisywane jest w logach serwera. Logi obejmuj\u0105 m.in. Tw\u00f3j adres IP, dat\u0119 i czas serwera, informacje o przegl\u0105darce internetowej i systemie operacyjnym z jakiego korzystasz. Logi zapisywane i przechowywane s\u0105 na serwerze. Dane zapisane w logach serwera nie s\u0105 kojarzone z konkretnymi osobami korzystaj\u0105cymi ze strony i nie s\u0105 wykorzystywane przez nas w celu Twojej identyfikacji. Logi serwera stanowi\u0105 wy\u0142\u0105cznie materia\u0142 pomocniczy s\u0142u\u017c\u0105cy do administrowania stron\u0105, a ich zawarto\u015b\u0107 nie jest ujawniana nikomu poza osobami upowa\u017cnionymi do administrowania serwerem.<\/p>\n","protected":false},"excerpt":{"rendered":"<p>Tutaj znajdziesz zasady przetwarzania danych osobowych oraz wykorzystywania plik\u00f3w cookies w zwi\u0105zku z korzystaniem ze strony internetowej\u00a0https:\/\/pilotkizmian.pl\/ i powi\u0105zanej z ni\u0105 strony\u00a0www.futurysci.pl Administratorem strony&nbsp;jest firma Edyta Paul, ul. S\u0142awi\u0144ska 10, 60-183 Pozna\u0144, NIP 6711004283 W razie jakichkolwiek w\u0105tpliwo\u015bci zwi\u0105zanych z polityk\u0105 prywatno\u015bci, w ka\u017cdej chwili mo\u017cesz skontaktowa\u0107 si\u0119 z nami, wysy\u0142aj\u0105c wiadomo\u015b\u0107 na adres halo@edytapaul.pl &hellip; <\/p>\n<p class=\"link-more\"><a href=\"https:\/\/pilotkizmian.pl\/index.php\/privacy-policy\/\" class=\"more-link\">Czytaj dalej<span class=\"screen-reader-text\"> \u201ePolityka Prywatno\u015bci\u201d<\/span><\/a><\/p>\n","protected":false},"author":1,"featured_media":0,"parent":0,"menu_order":0,"comment_status":"closed","ping_status":"open","template":"","meta":{"footnotes":""},"class_list":["post-3","page","type-page","status-publish","hentry"],"jetpack_sharing_enabled":true,"_links":{"self":[{"href":"https:\/\/pilotkizmian.pl\/index.php\/wp-json\/wp\/v2\/pages\/3","targetHints":{"allow":["GET"]}}],"collection":[{"href":"https:\/\/pilotkizmian.pl\/index.php\/wp-json\/wp\/v2\/pages"}],"about":[{"href":"https:\/\/pilotkizmian.pl\/index.php\/wp-json\/wp\/v2\/types\/page"}],"author":[{"embeddable":true,"href":"https:\/\/pilotkizmian.pl\/index.php\/wp-json\/wp\/v2\/users\/1"}],"replies":[{"embeddable":true,"href":"https:\/\/pilotkizmian.pl\/index.php\/wp-json\/wp\/v2\/comments?post=3"}],"version-history":[{"count":4,"href":"https:\/\/pilotkizmian.pl\/index.php\/wp-json\/wp\/v2\/pages\/3\/revisions"}],"predecessor-version":[{"id":1197,"href":"https:\/\/pilotkizmian.pl\/index.php\/wp-json\/wp\/v2\/pages\/3\/revisions\/1197"}],"wp:attachment":[{"href":"https:\/\/pilotkizmian.pl\/index.php\/wp-json\/wp\/v2\/media?parent=3"}],"curies":[{"name":"wp","href":"https:\/\/api.w.org\/{rel}","templated":true}]}}