{"id":49,"date":"2021-09-02T12:17:23","date_gmt":"2021-09-02T12:17:23","guid":{"rendered":"https:\/\/pilotkizmian.pl\/?page_id=49"},"modified":"2025-03-22T20:13:49","modified_gmt":"2025-03-22T20:13:49","slug":"ale-o-co-chodzi","status":"publish","type":"page","link":"https:\/\/pilotkizmian.pl\/","title":{"rendered":"START"},"content":{"rendered":"\n<h1 class=\"wp-block-heading\">Przysz\u0142o\u015b\u0107 nale\u017cy do zespo\u0142\u00f3w, kt\u00f3re si\u0119 ucz\u0105<\/h1>\n\n\n\n<p>Czy kiedykolwiek twoja firma mia\u0142a trudno\u015bci w zarz\u0105dzaniu wiedz\u0105 i skutecznym dzieleniu si\u0119 do\u015bwiadczeniami? Szkoleniami, kt\u00f3re nie przynosz\u0105 realnych efekt\u00f3w w praktyce? Brakiem systematycznego rozwoju umiej\u0119tno\u015bci pracownik\u00f3w, mimo inwestowania w szkolenia? Problemami z wdra\u017caniem nowych metod pracy i adaptacj\u0105 do zmian? Niedopasowaniem kompetencji do strategicznych cel\u00f3w firmy?<\/p>\n\n\n\n<hr class=\"wp-block-separator has-alpha-channel-opacity\"\/>\n\n\n\n<div class=\"wp-block-columns is-layout-flex wp-container-core-columns-is-layout-9d6595d7 wp-block-columns-is-layout-flex\">\n<div class=\"wp-block-column is-layout-flow wp-block-column-is-layout-flow\">\n<figure class=\"wp-block-image size-large\"><img loading=\"lazy\" decoding=\"async\" width=\"819\" height=\"1024\" src=\"https:\/\/pilotkizmian.pl\/wp-content\/uploads\/2025\/03\/Untitled-design-16-1-819x1024.png\" alt=\"\" class=\"wp-image-1399\" srcset=\"https:\/\/pilotkizmian.pl\/wp-content\/uploads\/2025\/03\/Untitled-design-16-1-819x1024.png 819w, https:\/\/pilotkizmian.pl\/wp-content\/uploads\/2025\/03\/Untitled-design-16-1-240x300.png 240w, https:\/\/pilotkizmian.pl\/wp-content\/uploads\/2025\/03\/Untitled-design-16-1-768x960.png 768w, https:\/\/pilotkizmian.pl\/wp-content\/uploads\/2025\/03\/Untitled-design-16-1-350x438.png 350w, https:\/\/pilotkizmian.pl\/wp-content\/uploads\/2025\/03\/Untitled-design-16-1.png 1080w\" sizes=\"auto, (max-width: 767px) 89vw, (max-width: 1000px) 54vw, (max-width: 1071px) 543px, 580px\" \/><\/figure>\n<\/div>\n\n\n\n<div class=\"wp-block-column is-layout-flow wp-block-column-is-layout-flow\">\n<p><\/p>\n\n\n\n<p><\/p>\n\n\n\n<p><strong>Przetrwaj\u0105 tylko te firmy, kt\u00f3re potrafi\u0105 wdra\u017ca\u0107 a nie tylko gromadzi\u0107 wiedz\u0119.<\/strong><\/p>\n\n\n\n<p>W \u015bwiecie pe\u0142nym wielkich obietnic, nadmiaru wiedzy i modnych hase\u0142, Pilotki Zmian stawiaj\u0105 na praktyczne rozwijanie kompetencji przysz\u0142o\u015bci i tera\u017aniejszo\u015bci przez dzia\u0142ania i narz\u0119dzia, kt\u00f3re \u0142atwo prze\u0142o\u017cy\u0107 na codzienn\u0105 prac\u0119 w firmie.&nbsp; <br><\/p>\n<\/div>\n<\/div>\n\n\n\n<hr class=\"wp-block-separator has-alpha-channel-opacity\"\/>\n\n\n\n<div class=\"wp-block-columns is-layout-flex wp-container-core-columns-is-layout-9d6595d7 wp-block-columns-is-layout-flex\">\n<div class=\"wp-block-column is-layout-flow wp-block-column-is-layout-flow\">\n<p><strong>M\u0105drzej i pro\u015bciej<\/strong><\/p>\n\n\n\n<p>Pomagamy stworzy\u0107 \u015brodowisko, w kt\u00f3rym zespo\u0142y, kt\u00f3re s\u0105 kluczem do realizacji strategii biznesowej, mog\u0105 si\u0119 uczy\u0107 lepiej, m\u0105drzej, a jednocze\u015bnie pro\u015bciej, niekoniecznie sp\u0119dzaj\u0105c czas na ca\u0142odniowych szkoleniach, o kt\u00f3re nikt nie prosi\u0142.&nbsp;<br><\/p>\n<\/div>\n\n\n\n<div class=\"wp-block-column is-layout-flow wp-block-column-is-layout-flow\">\n<figure class=\"wp-block-image size-large\"><img loading=\"lazy\" decoding=\"async\" width=\"819\" height=\"1024\" src=\"https:\/\/pilotkizmian.pl\/wp-content\/uploads\/2025\/03\/Untitled-design-23-819x1024.png\" alt=\"\" class=\"wp-image-1403\" srcset=\"https:\/\/pilotkizmian.pl\/wp-content\/uploads\/2025\/03\/Untitled-design-23-819x1024.png 819w, https:\/\/pilotkizmian.pl\/wp-content\/uploads\/2025\/03\/Untitled-design-23-240x300.png 240w, https:\/\/pilotkizmian.pl\/wp-content\/uploads\/2025\/03\/Untitled-design-23-768x960.png 768w, https:\/\/pilotkizmian.pl\/wp-content\/uploads\/2025\/03\/Untitled-design-23-350x438.png 350w, https:\/\/pilotkizmian.pl\/wp-content\/uploads\/2025\/03\/Untitled-design-23.png 1080w\" sizes=\"auto, (max-width: 767px) 89vw, (max-width: 1000px) 54vw, (max-width: 1071px) 543px, 580px\" \/><\/figure>\n<\/div>\n<\/div>\n\n\n\n<hr class=\"wp-block-separator has-alpha-channel-opacity\"\/>\n\n\n\n<div class=\"wp-block-columns is-layout-flex wp-container-core-columns-is-layout-9d6595d7 wp-block-columns-is-layout-flex\">\n<div class=\"wp-block-column is-layout-flow wp-block-column-is-layout-flow\">\n<figure class=\"wp-block-image size-large\"><img loading=\"lazy\" decoding=\"async\" width=\"819\" height=\"1024\" src=\"https:\/\/pilotkizmian.pl\/wp-content\/uploads\/2025\/03\/Untitled-design-24-819x1024.png\" alt=\"\" class=\"wp-image-1406\" srcset=\"https:\/\/pilotkizmian.pl\/wp-content\/uploads\/2025\/03\/Untitled-design-24-819x1024.png 819w, https:\/\/pilotkizmian.pl\/wp-content\/uploads\/2025\/03\/Untitled-design-24-240x300.png 240w, https:\/\/pilotkizmian.pl\/wp-content\/uploads\/2025\/03\/Untitled-design-24-768x960.png 768w, https:\/\/pilotkizmian.pl\/wp-content\/uploads\/2025\/03\/Untitled-design-24-350x438.png 350w, https:\/\/pilotkizmian.pl\/wp-content\/uploads\/2025\/03\/Untitled-design-24.png 1080w\" sizes=\"auto, (max-width: 767px) 89vw, (max-width: 1000px) 54vw, (max-width: 1071px) 543px, 580px\" \/><\/figure>\n<\/div>\n\n\n\n<div class=\"wp-block-column is-layout-flow wp-block-column-is-layout-flow\">\n<p><strong>Nie komplikujemy<\/strong><\/p>\n\n\n\n<p>Tworzymy kultur\u0119 i przestrze\u0144, gdzie rozw\u00f3j staje si\u0119 naturalnym elementem codziennej pracy. Pomagamy przekszta\u0142ci\u0107 ambitne cele strategiczne w konkretne, zrozumia\u0142e dzia\u0142ania zespo\u0142\u00f3w.\u00a0<\/p>\n\n\n\n<p>Najwi\u0119ksza moc nie tkwi w skomplikowanych systemach, lecz w zdolno\u015bci ludzi do wsp\u00f3lnego uczenia si\u0119 i adaptacji \u2013 w spos\u00f3b, kt\u00f3ry bezpo\u015brednio wspiera kierunek rozwoju ca\u0142ej organizacji.<\/p>\n<\/div>\n<\/div>\n\n\n\n<h1 class=\"wp-block-heading\">Tworzymy ucz\u0105ce si\u0119 zespo\u0142y<\/h1>\n\n\n\n<p>Nasze rozwi\u0105zania koncentruj\u0105 si\u0119 na zamienianiu kompetencji w praktyczne narz\u0119dzia, dzia\u0142ania, rytua\u0142y i budowaniu \u015brodowiska, kt\u00f3re temu sprzyja. <\/p>\n\n\n\n<p><strong>Dzi\u0119ki wsp\u00f3\u0142pracy z Pilotkami Zmian zespo\u0142y i firmy: <\/strong><\/p>\n\n\n\n<ul class=\"wp-block-list\">\n<li>Aktywnie wymieniaj\u0105 si\u0119 wiedz\u0105 i do\u015bwiadczeniami<\/li>\n\n\n\n<li>Samodzielnie poszukuj\u0105 nowych sposob\u00f3w dzia\u0142ania<\/li>\n\n\n\n<li>Sprawnie adaptuj\u0105 si\u0119 do zmieniaj\u0105cych si\u0119 warunk\u00f3w rynkowych<\/li>\n\n\n\n<li>Efektywnie wsp\u00f3\u0142pracuj\u0105 ponad tradycyjnymi podzia\u0142ami<\/li>\n\n\n\n<li>Rozwijaj\u0105 meta-kompetencje (te, kt\u00f3re nie maj\u0105 daty wa\u017cno\u015bci)<\/li>\n<\/ul>\n\n\n\n<p>Nazywamy si\u0119 <strong>Pilotkami Zmian<\/strong>, jeste\u015bmy na bie\u017c\u0105co z tym, co b\u0119dzie Wam potrzebne za chwil\u0119 i jest potrzebne ju\u017c. \u015aledzimy trendy, sygna\u0142y i jask\u00f3\u0142ki zmian oraz najlepsze praktyki i weryfikujemy, co Wam si\u0119 przyda, testuj\u0105c to w praktyce.&nbsp;<\/p>\n\n\n\n<div class=\"wp-block-columns is-layout-flex wp-container-core-columns-is-layout-9d6595d7 wp-block-columns-is-layout-flex\">\n<div class=\"wp-block-column is-layout-flow wp-block-column-is-layout-flow\">\n<figure class=\"wp-block-image size-large\"><img loading=\"lazy\" decoding=\"async\" width=\"1024\" height=\"1024\" src=\"https:\/\/pilotkizmian.pl\/wp-content\/uploads\/2025\/03\/@-1024x1024.png\" alt=\"\" class=\"wp-image-1392\" srcset=\"https:\/\/pilotkizmian.pl\/wp-content\/uploads\/2025\/03\/@-1024x1024.png 1024w, https:\/\/pilotkizmian.pl\/wp-content\/uploads\/2025\/03\/@-300x300.png 300w, https:\/\/pilotkizmian.pl\/wp-content\/uploads\/2025\/03\/@-150x150.png 150w, https:\/\/pilotkizmian.pl\/wp-content\/uploads\/2025\/03\/@-768x768.png 768w, https:\/\/pilotkizmian.pl\/wp-content\/uploads\/2025\/03\/@-100x100.png 100w, https:\/\/pilotkizmian.pl\/wp-content\/uploads\/2025\/03\/@-250x250.png 250w, https:\/\/pilotkizmian.pl\/wp-content\/uploads\/2025\/03\/@-350x350.png 350w, https:\/\/pilotkizmian.pl\/wp-content\/uploads\/2025\/03\/@.png 1080w\" sizes=\"auto, (max-width: 767px) 89vw, (max-width: 1000px) 54vw, (max-width: 1071px) 543px, 580px\" \/><\/figure>\n<\/div>\n\n\n\n<div class=\"wp-block-column is-layout-flow wp-block-column-is-layout-flow\">\n<p><\/p>\n\n\n\n<p><\/p>\n\n\n\n<p>Je\u015bli chcesz pozna\u0107 nasze bezp\u0142atne porady, pomys\u0142y, inspiracje, narz\u0119dzia, <strong>z<\/strong><a href=\"https:\/\/pilotkizmian.pl\/index.php\/narzedzia\/\"><strong>apisz si\u0119 na nasz TOOLetter, \u017ceby z tego korzysta\u0107.<\/strong><\/a> <\/p>\n\n\n\n<p>Bez \u017cadnych op\u0142at dajemy ci mn\u00f3stwo naszego do\u015bwiadczenia:)<\/p>\n<\/div>\n<\/div>\n\n\n\n<p><\/p>\n\n\n\n<p class=\"has-text-align-center\"><strong>Agnieszka, Edyta, Agata, Katarzyna<\/strong><\/p>\n\n\n\n<figure class=\"wp-block-image size-large\"><img loading=\"lazy\" decoding=\"async\" width=\"1024\" height=\"576\" src=\"https:\/\/pilotkizmian.pl\/wp-content\/uploads\/2025\/03\/PILOTKI-ZMIAN-21-1024x576.png\" alt=\"\" class=\"wp-image-1389\" srcset=\"https:\/\/pilotkizmian.pl\/wp-content\/uploads\/2025\/03\/PILOTKI-ZMIAN-21-1024x576.png 1024w, https:\/\/pilotkizmian.pl\/wp-content\/uploads\/2025\/03\/PILOTKI-ZMIAN-21-300x169.png 300w, https:\/\/pilotkizmian.pl\/wp-content\/uploads\/2025\/03\/PILOTKI-ZMIAN-21-768x432.png 768w, https:\/\/pilotkizmian.pl\/wp-content\/uploads\/2025\/03\/PILOTKI-ZMIAN-21-1536x864.png 1536w, https:\/\/pilotkizmian.pl\/wp-content\/uploads\/2025\/03\/PILOTKI-ZMIAN-21-350x197.png 350w, https:\/\/pilotkizmian.pl\/wp-content\/uploads\/2025\/03\/PILOTKI-ZMIAN-21.png 1920w\" sizes=\"auto, (max-width: 767px) 89vw, (max-width: 1000px) 54vw, (max-width: 1071px) 543px, 580px\" \/><\/figure>\n\n\n\n<div class=\"wp-block-columns is-layout-flex wp-container-core-columns-is-layout-9d6595d7 wp-block-columns-is-layout-flex\">\n<div class=\"wp-block-column is-layout-flow wp-block-column-is-layout-flow\"><\/div>\n\n\n\n<div class=\"wp-block-column is-layout-flow wp-block-column-is-layout-flow\"><\/div>\n<\/div>\n","protected":false},"excerpt":{"rendered":"<p>Przysz\u0142o\u015b\u0107 nale\u017cy do zespo\u0142\u00f3w, kt\u00f3re si\u0119 ucz\u0105 Czy kiedykolwiek twoja firma mia\u0142a trudno\u015bci w zarz\u0105dzaniu wiedz\u0105 i skutecznym dzieleniu si\u0119 do\u015bwiadczeniami? Szkoleniami, kt\u00f3re nie przynosz\u0105 realnych efekt\u00f3w w praktyce? Brakiem systematycznego rozwoju umiej\u0119tno\u015bci pracownik\u00f3w, mimo inwestowania w szkolenia? Problemami z wdra\u017caniem nowych metod pracy i adaptacj\u0105 do zmian? Niedopasowaniem kompetencji do strategicznych cel\u00f3w firmy? Przetrwaj\u0105 &hellip; <\/p>\n<p class=\"link-more\"><a href=\"https:\/\/pilotkizmian.pl\/\" class=\"more-link\">Czytaj dalej<span class=\"screen-reader-text\"> \u201eSTART\u201d<\/span><\/a><\/p>\n","protected":false},"author":1,"featured_media":1379,"parent":0,"menu_order":0,"comment_status":"closed","ping_status":"closed","template":"","meta":{"footnotes":""},"class_list":["post-49","page","type-page","status-publish","has-post-thumbnail","hentry"],"jetpack_sharing_enabled":true,"_links":{"self":[{"href":"https:\/\/pilotkizmian.pl\/index.php\/wp-json\/wp\/v2\/pages\/49","targetHints":{"allow":["GET"]}}],"collection":[{"href":"https:\/\/pilotkizmian.pl\/index.php\/wp-json\/wp\/v2\/pages"}],"about":[{"href":"https:\/\/pilotkizmian.pl\/index.php\/wp-json\/wp\/v2\/types\/page"}],"author":[{"embeddable":true,"href":"https:\/\/pilotkizmian.pl\/index.php\/wp-json\/wp\/v2\/users\/1"}],"replies":[{"embeddable":true,"href":"https:\/\/pilotkizmian.pl\/index.php\/wp-json\/wp\/v2\/comments?post=49"}],"version-history":[{"count":70,"href":"https:\/\/pilotkizmian.pl\/index.php\/wp-json\/wp\/v2\/pages\/49\/revisions"}],"predecessor-version":[{"id":1407,"href":"https:\/\/pilotkizmian.pl\/index.php\/wp-json\/wp\/v2\/pages\/49\/revisions\/1407"}],"wp:featuredmedia":[{"embeddable":true,"href":"https:\/\/pilotkizmian.pl\/index.php\/wp-json\/wp\/v2\/media\/1379"}],"wp:attachment":[{"href":"https:\/\/pilotkizmian.pl\/index.php\/wp-json\/wp\/v2\/media?parent=49"}],"curies":[{"name":"wp","href":"https:\/\/api.w.org\/{rel}","templated":true}]}}