{"id":1533,"date":"2026-03-23T14:40:13","date_gmt":"2026-03-23T14:40:13","guid":{"rendered":"https:\/\/pilotkizmian.pl\/?post_type=product&#038;p=1533"},"modified":"2026-04-13T08:06:34","modified_gmt":"2026-04-13T08:06:34","slug":"warsztaty-16-kwietnia-2026","status":"publish","type":"product","link":"https:\/\/pilotkizmian.pl\/index.php\/produkt\/warsztaty-16-kwietnia-2026\/","title":{"rendered":"BRAK MIEJSC warsztaty 16 kwietnia 2026"},"content":{"rendered":"<p><span style=\"font-size: 20px;\"><strong>BRAK MIEJSC\u00a0<\/strong><\/span><\/p>\n<p><strong>HR w roku 2030: czy Twoja strategia przetrwa najbli\u017csze 5 lat?<\/strong><\/p>\n<p class=\"font-claude-response-body break-words whitespace-normal leading-[1.7]\">Dla os\u00f3b z HR i lider\u00f3w, kt\u00f3rzy chc\u0105 wychwytywa\u0107 zmiany zanim stan\u0105 si\u0119 kryzysem. Podczas warsztatu przeanalizujesz Karty Trend\u00f3w i Sygna\u0142\u00f3w Zmian, zwizualizujesz konsekwencje wybranego trendu przy u\u017cyciu Ko\u0142a Przysz\u0142o\u015bci i wyjdziesz z konkretnym pomys\u0142em na dzia\u0142ania HR gotowym do wdro\u017cenia. Zabierasz ze sob\u0105: Karty Trend\u00f3w i Sygna\u0142\u00f3w HR oraz Kanw\u0119 Ko\u0142o Przysz\u0142o\u015bci.<\/p>\n<p>&nbsp;<\/p>\n<p>Prowadzi Katarzyna Andrzejczyk-Briks<\/p>\n","protected":false},"excerpt":{"rendered":"<p>BRAK MIEJSC\u00a0 HR w roku 2030: czy Twoja strategia przetrwa najbli\u017csze 5 lat? Dla os\u00f3b z HR i lider\u00f3w, kt\u00f3rzy chc\u0105 wychwytywa\u0107 zmiany zanim stan\u0105 si\u0119 kryzysem. Podczas warsztatu przeanalizujesz Karty Trend\u00f3w i Sygna\u0142\u00f3w Zmian, zwizualizujesz konsekwencje wybranego trendu przy u\u017cyciu Ko\u0142a Przysz\u0142o\u015bci i wyjdziesz z konkretnym pomys\u0142em na dzia\u0142ania HR gotowym do wdro\u017cenia. Zabierasz &hellip; <\/p>\n<p class=\"link-more\"><a href=\"https:\/\/pilotkizmian.pl\/index.php\/produkt\/warsztaty-16-kwietnia-2026\/\" class=\"more-link\">Czytaj dalej<span class=\"screen-reader-text\"> \u201eBRAK MIEJSC warsztaty 16 kwietnia 2026\u201d<\/span><\/a><\/p>\n","protected":false},"featured_media":1326,"template":"","meta":[],"product_brand":[],"product_cat":[16],"product_tag":[],"class_list":{"0":"post-1533","1":"product","2":"type-product","3":"status-publish","4":"has-post-thumbnail","6":"product_cat-bez-kategorii","8":"first","9":"onbackorder","10":"virtual","11":"purchasable","12":"product-type-simple"},"jetpack_sharing_enabled":true,"_links":{"self":[{"href":"https:\/\/pilotkizmian.pl\/index.php\/wp-json\/wp\/v2\/product\/1533","targetHints":{"allow":["GET"]}}],"collection":[{"href":"https:\/\/pilotkizmian.pl\/index.php\/wp-json\/wp\/v2\/product"}],"about":[{"href":"https:\/\/pilotkizmian.pl\/index.php\/wp-json\/wp\/v2\/types\/product"}],"wp:featuredmedia":[{"embeddable":true,"href":"https:\/\/pilotkizmian.pl\/index.php\/wp-json\/wp\/v2\/media\/1326"}],"wp:attachment":[{"href":"https:\/\/pilotkizmian.pl\/index.php\/wp-json\/wp\/v2\/media?parent=1533"}],"wp:term":[{"taxonomy":"product_brand","embeddable":true,"href":"https:\/\/pilotkizmian.pl\/index.php\/wp-json\/wp\/v2\/product_brand?post=1533"},{"taxonomy":"product_cat","embeddable":true,"href":"https:\/\/pilotkizmian.pl\/index.php\/wp-json\/wp\/v2\/product_cat?post=1533"},{"taxonomy":"product_tag","embeddable":true,"href":"https:\/\/pilotkizmian.pl\/index.php\/wp-json\/wp\/v2\/product_tag?post=1533"}],"curies":[{"name":"wp","href":"https:\/\/api.w.org\/{rel}","templated":true}]}}